{"id":7085,"date":"2024-12-05T11:46:57","date_gmt":"2024-12-05T10:46:57","guid":{"rendered":"https:\/\/drustvopohodnikov.com\/?page_id=7085"},"modified":"2025-12-30T13:12:19","modified_gmt":"2025-12-30T12:12:19","slug":"program-2025","status":"publish","type":"page","link":"https:\/\/drustvopohodnikov.com\/?page_id=7085","title":{"rendered":"Program &#8211; 2025"},"content":{"rendered":"<p><span style=\"font-size: 14px;\"><div class=\"table-responsive\"><table  style=\"width:600px; \"  class=\"easy-table easy-table-default \" border=\"0\">\n<thead>\r\n<tr><th  style=\"width:70px;text-align:right\" ><strong style=\"font-size: 14px;\">Datum<\/th>\n<th  style=\"width:390px;text-align:left\" > Pohod-tura<\/th>\n<th  style=\"width:70px;text-align:center\" > \u010cas hoje<\/th>\n<th  style=\"width:70px;text-align:center\" > Zahtevnost<\/strong><\/span><\/th>\n<\/tr>\n<\/thead>\n<tbody>\r\n<tr><td  style=\"text-align:right\" ><span style=\"font-size: 14px;\">4.1.2025<\/td>\n<td  style=\"text-align:left\" > Pohod Po poti 7.slapov reke Mirne(Buzet HR)<\/td>\n<td  style=\"text-align:center\" > (5<sup>h<\/sup>)<\/td>\n<td  style=\"text-align:center\" > <strong style=\"font-size: 14px;\">L<\/strong><\/span><\/td>\n<\/tr>\n\r\n<tr><td  style=\"text-align:right\" >11.1.2025<\/td>\n<td  style=\"text-align:left\" > <strong>14.zImski pohod na Peco <\/strong>(Topla-Knepsovo sedlo-Korde\u017eeva glava(2125m)-Mala Peca-Topla)<\/td>\n<td  style=\"text-align:center\" > (6<sup>h<\/sup>30min)<\/td>\n<td  style=\"text-align:center\" > <strong>L-Z<\/strong><\/td>\n<\/tr>\n\r\n<tr><td  style=\"text-align:right\" >19.1.2025<\/td>\n<td  style=\"text-align:left\" > <span style=\"font-size: 14px;\">Pohod Lipa-Slopi-\u0160avnice-Goli vrh(1426m)-Dom na Menini-Vivodnik(1508m)-Planina Biba-Slopi-Lipa<\/td>\n<td  style=\"text-align:center\" > (6<sup>h<\/sup>)<\/span><\/td>\n<td  style=\"text-align:center\" > <strong>L<\/strong><\/td>\n<\/tr>\n\r\n<tr><td  style=\"text-align:right\" >25.1.2025<\/td>\n<td  style=\"text-align:left\" > Pohod Leskovica-brezpotje-Blego\u0161(1562m)-Ko\u010da na Blego\u0161u-Zaveti\u0161\u010de Jelenci-Leskovica<\/td>\n<td  style=\"text-align:center\" > <span style=\"font-size: 14px;\">(4<sup>h<\/sup>)<\/span><\/td>\n<td  style=\"text-align:center\" > <strong>L<\/strong><\/td>\n<\/tr>\n\r\n<tr><td  style=\"text-align:right\" >1.2.2025<\/td>\n<td  style=\"text-align:left\" > Pohod Srednji vrh-\u017deleznica-Trupejevo Poldne(1931m)-Srednji vrh<\/td>\n<td  style=\"text-align:center\" > (4<sup>h<\/sup>30min)<\/td>\n<td  style=\"text-align:center\" > <strong>L<\/strong><\/td>\n<\/tr>\n\r\n<tr><td  style=\"text-align:right\" >9.2.2025<\/td>\n<td  style=\"text-align:left\" > Pohod Hrastnik(cicka)-\u0160kratova dolina-Kum(1220m)-Roglja(811m)-\u017dupa-Hrastnik<\/td>\n<td  style=\"text-align:center\" > <span style=\"font-size: 14px;\">(7<sup>h<\/sup>)<\/span><\/td>\n<td  style=\"text-align:center\" > <strong>L<\/strong><\/td>\n<\/tr>\n\r\n<tr><td  style=\"text-align:right\" >16.2.2025<\/td>\n<td  style=\"text-align:left\" > Zimski pohod na Porezen (Podporezen-Ko\u010da na Poreznu-Porezen(1630m)-Podporezen)<\/td>\n<td  style=\"text-align:center\" > <span style=\"font-size: 14px;\">(4<sup>h<\/sup>)<\/span><\/td>\n<td  style=\"text-align:center\" > <strong>L-Z<\/strong><\/td>\n<\/tr>\n\r\n<tr><td  style=\"text-align:right\" >22.2.2025<\/td>\n<td  style=\"text-align:left\" > Zimski pohod na Obir(2139m) iz sedla \u0160ajda(A)<\/td>\n<td  style=\"text-align:center\" > <span style=\"font-size: 14px;\">(6<sup>h<\/sup>)<\/span><\/td>\n<td  style=\"text-align:center\" > <strong>L-Z<\/strong><\/td>\n<\/tr>\n\r\n<tr><td  style=\"text-align:right\" >9.3.2025<\/td>\n<td  style=\"text-align:left\" > Pohod Heiligengeist-Dobra\u010d(2143m)-Heiligengeist<\/td>\n<td  style=\"text-align:center\" > <span style=\"font-size: 14px;\">(6<sup>h<\/sup>)<\/span><\/td>\n<td  style=\"text-align:center\" > <strong>L-Z<\/strong><\/td>\n<\/tr>\n\r\n<tr><td  style=\"text-align:right\" >22.3.2025<\/td>\n<td  style=\"text-align:left\" > Pohod Loke-Krvavica-\u010cem\u0161eni\u0161ka pl.(1204m)-Sv.Primo\u017e-Dom na Vrheh-Zaj\u010deva ko\u010da-graben Tesen-Loke<\/td>\n<td  style=\"text-align:center\" > <span style=\"font-size: 14px;\">(7<sup>h<\/sup>)<\/span><\/td>\n<td  style=\"text-align:center\" > <strong>L<\/strong><\/td>\n<\/tr>\n\r\n<tr><td  style=\"text-align:right\" >6.4.2025<\/td>\n<td  style=\"text-align:left\" > Pohod \u010crnivec-Pl.Ravni-Pl.Travnik-Dom na Menini planini in nazaj<\/td>\n<td  style=\"text-align:center\" > <span style=\"font-size: 14px;\">(6<sup>h<\/sup>)<\/span><\/td>\n<td  style=\"text-align:center\" > <strong>L<\/strong><\/td>\n<\/tr>\n\r\n<tr><td  style=\"text-align:right\" >12.4.2025<\/td>\n<td  style=\"text-align:left\" > Vzdr\u017eljivostni pohod La\u0161ko-\"Re\u010di\u0161ka kro\u017ena pot\"-La\u0161ko (38 km)<\/td>\n<td  style=\"text-align:center\" > <span style=\"font-size: 14px;\">(10<sup>h<\/sup>)<\/span><\/td>\n<td  style=\"text-align:center\" > <strong>L<\/strong><\/td>\n<\/tr>\n\r\n<tr><td  style=\"text-align:right\" >13.4.2025<\/td>\n<td  style=\"text-align:left\" > Pohod Sv.Lenart-Lepenatka-Kal-Veliki Rogatec(1557m)-\u0160peh-Kal-Sv.Lenart<\/td>\n<td  style=\"text-align:center\" > <span style=\"font-size: 14px;\">(5<sup>h<\/sup>)<\/span><\/td>\n<td  style=\"text-align:center\" > <strong>L<\/strong><\/td>\n<\/tr>\n\r\n<tr><td  style=\"text-align:right\" ><span style=\"font-size: 14px;\">19.4.2025<\/td>\n<td  style=\"text-align:left\" > Pohod Gradi\u0161ka tura(ferati)-Abram-Vojkova ko\u010da na Nanosu(1240m)-Razdrto<\/span><span style=\"font-size: 14px;\"><\/td>\n<td  style=\"text-align:center\" > (6<sup>h<\/sup>)<\/td>\n<td  style=\"text-align:center\" > <\/span><strong style=\"font-size: 14px;\">L-Z<\/strong><\/td>\n<\/tr>\n\r\n<tr><td  style=\"text-align:right\" ><span style=\"font-size: 14px;\">21.4.2025<\/td>\n<td  style=\"text-align:left\" > Pohod Jablance-slap Bojanca-slap Pekel-V.Javornik(1023m)-Skalica(953m)<\/span>-Dom na Bohorju-Jablance<\/td>\n<td  style=\"text-align:center\" > <span style=\"font-size: 14px;\">(6<sup>h<\/sup>)<\/span><\/td>\n<td  style=\"text-align:center\" > <strong>L<\/strong><\/td>\n<\/tr>\n\r\n<tr><td  style=\"text-align:right\" ><span style=\"font-size: 14px;\">26.4.2025<\/td>\n<td  style=\"text-align:left\" > <strong style=\"font-size: 14px;\">11.vzdr\u017eljivostni pohod<\/strong> \"Po medvedovih stopinjah\" \u2013 Dol\u017eina poti: 64 km<\/span><span style=\"font-size: 14px;\"><\/td>\n<td  style=\"text-align:center\" > (13<sup>h<\/sup>)<\/td>\n<td  style=\"text-align:center\" > <\/span><strong style=\"font-size: 14px;\">L-Z<\/strong><\/td>\n<\/tr>\n\r\n<tr><td  style=\"text-align:right\" >1.5.2025<\/td>\n<td  style=\"text-align:left\" > Pohod Kamni\u0161ka Bela-Presedljaj-Konj(1813m)-Planina Dol-(lovska pot!)Dolski graben<\/td>\n<td  style=\"text-align:center\" > <span style=\"font-size: 14px;\">(7<sup>h<\/sup>)<\/span><\/td>\n<td  style=\"text-align:center\" > <strong>L-Z<\/strong><\/td>\n<\/tr>\n\r\n<tr><td  style=\"text-align:right\" >3.5.2025<\/td>\n<td  style=\"text-align:left\" > Pohod Radu\u0161nik-Pl. Arta-V. Raduha(2062m)-Durce-Lane\u017e(1925m)-vzhodna pot- Ko\u010da na Loki-Radu\u0161nik<\/td>\n<td  style=\"text-align:center\" > <span style=\"font-size: 14px;\">(6<sup>h<\/sup>)<\/span><\/td>\n<td  style=\"text-align:center\" > <strong>L-Z<\/strong><\/td>\n<\/tr>\n\r\n<tr><td  style=\"text-align:right\" >11.5.2025<\/td>\n<td  style=\"text-align:left\" > Pohod Pl. Podve\u017eak-Bre\u017ei\u010di-Lastovec-lovska pot proti Lu\u010dkemu Dedcu(2023m)-Vodoto\u010dnik-Deska-Lastovec-Podve\u017eak<\/td>\n<td  style=\"text-align:center\" > <span style=\"font-size: 14px;\">(6<sup>h<\/sup>)<\/span><\/td>\n<td  style=\"text-align:center\" > <strong>L-Z<\/strong><\/td>\n<\/tr>\n\r\n<tr><td  style=\"text-align:right\" >18.5.2025<\/td>\n<td  style=\"text-align:left\" > Pohod \u0160tore-Pe\u010dovje-Hudi\u010dev graben-Srebotnik-Dom na Svetini-\u0160tarkljev ribnik-Javornik-\u0160entjan\u017e-\u0160tore<\/td>\n<td  style=\"text-align:center\" > <span style=\"font-size: 14px;\">(5<sup>h<\/sup>)<\/span><\/td>\n<td  style=\"text-align:center\" > <strong>L<\/strong><\/td>\n<\/tr>\n\r\n<tr><td  style=\"text-align:right\" >25.5.2025<\/td>\n<td  style=\"text-align:left\" > Pohod Javorni\u0161ki Rovt-lovska pot-Pl.Se\u010da-Stru\u0161ka(1944m)-Pastirska ko\u010da na Belski pl.-Sedlo Ko\u010dna-Sedlo Suha-Golica(1835m)-Ko\u010da na Golici-Pusti Rovt-Javorni\u0161ki Rovt<\/td>\n<td  style=\"text-align:center\" > <span style=\"font-size: 14px;\">(8<sup>h<\/sup>)<\/span><\/td>\n<td  style=\"text-align:center\" > <strong>L-Z<\/strong><\/td>\n<\/tr>\n\r\n<tr><td  style=\"text-align:right\" >31.5.2025<\/td>\n<td  style=\"text-align:left\" > Pohod po Gori\u010dkem Grad-Expano-Park Vulkanija-Sotina-Sotinski breg(Kugla)-Tromejnik-Trdkova-Grad<\/td>\n<td  style=\"text-align:center\" > <span style=\"font-size: 14px;\">(5<sup>h<\/sup>)<\/span><\/td>\n<td  style=\"text-align:center\" > <strong>L<\/strong><\/td>\n<\/tr>\n\r\n<tr><td  style=\"text-align:right\" >7.6.2025<\/td>\n<td  style=\"text-align:left\" > Pohod Pl.Jezerca-Pl.Koren-Vrh Korena(1999m)-Kal\u0161ki greben(2224m)-Dolga njiva-Pl. Jezerca<\/td>\n<td  style=\"text-align:center\" > (6<sup>h<\/sup>)<\/td>\n<td  style=\"text-align:center\" > <strong>L-Z<\/strong><\/td>\n<\/tr>\n\r\n<tr><td  style=\"text-align:right\" >12.6.-15.6.25<\/td>\n<td  style=\"text-align:left\" > Ture po Ju\u017enem Velebitu (Ani\u0107a Kuk(712m) + Staza Malog Princa(1171m) + Zojin Kuk(845m) + Vidakov Kuk<\/td>\n<td  style=\"text-align:center\" > (4dni)<\/td>\n<td  style=\"text-align:center\" > <strong>L-Z<\/strong><\/td>\n<\/tr>\n\r\n<tr><td  style=\"text-align:right\" ><span style=\"font-size: 14px;\">21.6.2025<\/td>\n<td  style=\"text-align:left\" > Pohod Trbi\u017e(\u017dabnice)-Vi\u0161arsko sedlo-Kamniti lovec(2071m)-Sv.Vi\u0161arje-Trbi\u017e<\/td>\n<td  style=\"text-align:center\" > (6<sup>h<\/sup>)<\/td>\n<td  style=\"text-align:center\" > <strong>L-Z<\/strong><\/span><\/td>\n<\/tr>\n\r\n<tr><td  style=\"text-align:right\" >28.6.2025<\/td>\n<td  style=\"text-align:left\" > <span style=\"font-size: 14px;\">Pohod Ljubelj-Zelenica-Suho ru\u0161evje-Palec(2026m)-Zelenjak(2028)-\u010dez Malo glavo-Vrta\u010da(2181m)-Dom na Zelenici<\/td>\n<td  style=\"text-align:center\" > (6h)<\/td>\n<td  style=\"text-align:center\" > <strong>L-Z<\/strong><\/span><\/td>\n<\/tr>\n\r\n<tr><td  style=\"text-align:right\" >5.7.2025<\/td>\n<td  style=\"text-align:left\" > Pohod Zadnjica-\u010cez Dol-Zelena Griva-Zasavska ko\u010da na Prehodavcih(2071m)-Kanjavec(2569m)-Ko\u010da na Doli\u010du-Zadnjica<\/td>\n<td  style=\"text-align:center\" ><span style=\"font-size: 14px;\"> (10h)<\/td>\n<td  style=\"text-align:center\" > <strong>L-ZZ<\/strong><\/span><\/td>\n<\/tr>\n\r\n<tr><td  style=\"text-align:right\" ><span style=\"font-size: 14px;\">20.7.2025<\/td>\n<td  style=\"text-align:left\" > Pohod Planina Podve\u017eak-Moli\u010dka pe\u010d-M.Ojstrica-Ojstrica(2350m)-Koro\u0161ica-Vodoto\u010dnik-Deska-Lastovec-Pl.Podve\u017eak<\/td>\n<td  style=\"text-align:center\" > (8h)<\/td>\n<td  style=\"text-align:center\" > <strong>L-ZZ<\/strong><\/span><\/td>\n<\/tr>\n\r\n<tr><td  style=\"text-align:right\" >10.8.2025<\/td>\n<td  style=\"text-align:left\" > Pohod Pl.Ravne-Kri\u017eevnik(1909m)-Veliki vrh(2114m)-Pl.Ravne<\/td>\n<td  style=\"text-align:center\" > <span style=\"font-size: 14px;\">(5h)<\/span><\/td>\n<td  style=\"text-align:center\" > <strong>L-Z<\/strong><\/td>\n<\/tr>\n\r\n<tr><td  style=\"text-align:right\" ><span style=\"font-size: 14px;\">16.8.2025<\/td>\n<td  style=\"text-align:left\" > Pohod Ravenska Ko\u010dna-\u010ce\u0161ka ko\u010da-Jezerska Ko\u010dna(2540m)-\u010ce\u0161ka ko\u010da-Ravenska Ko\u010dna<\/td>\n<td  style=\"text-align:center\" > (10h)<\/td>\n<td  style=\"text-align:center\" > <strong>L-ZZ<\/strong><\/span><\/td>\n<\/tr>\n\r\n<tr><td  style=\"text-align:right\" >23.8.2025<\/td>\n<td  style=\"text-align:left\" ><span style=\"font-size: 14px;\"> Pohod \u017dagana pe\u010d-Gamsov skret-bivak pod Grintovcem-Skuta(2532m)-bivak pod Grintovcem-Cojzova ko\u010da-\u017dagana pe\u010d<\/td>\n<td  style=\"text-align:center\" > (9<sup>h<\/sup>)<\/td>\n<td  style=\"text-align:center\" > <strong>L-ZZ<\/strong><\/span><\/td>\n<\/tr>\n\r\n<tr><td  style=\"text-align:right\" >7.9.2025<\/td>\n<td  style=\"text-align:left\" ><span style=\"font-size: 14px;\"> Pohod Ljubelj-Dom na Zelenici-Vrta\u010da(2181m)-Ljubelj<\/td>\n<td  style=\"text-align:center\" > (5<sup>h<\/sup>)<\/td>\n<td  style=\"text-align:center\" > <strong>L-Z<\/strong><\/span><\/td>\n<\/tr>\n\r\n<tr><td  style=\"text-align:right\" >13.9.2025<\/td>\n<td  style=\"text-align:left\" > Pohod Mrzli studenec-Ko\u010da na Kofcah-V. vrh-Kofce gora-Kofce-M. Studenec<\/td>\n<td  style=\"text-align:center\" > <span style=\"font-size: 14px;\">(5<sup>h<\/sup>)<\/span><\/td>\n<td  style=\"text-align:center\" > <strong>L-Z<\/strong><\/td>\n<\/tr>\n\r\n<tr><td  style=\"text-align:right\" >15.9.2025<\/td>\n<td  style=\"text-align:left\" > Pohod Alja\u017eev dom v Vratih-Luknja-Plemenice-Triglav(2864m)-Kredarica-Prag-Vrata<\/td>\n<td  style=\"text-align:center\" > <span style=\"font-size: 14px;\">(11<sup>h<\/sup>)<\/span><\/td>\n<td  style=\"text-align:center\" > <strong>Z-ZZ<\/strong><\/td>\n<\/tr>\n\r\n<tr><td  style=\"text-align:right\" ><span style=\"font-size: 14px;\">21.9.2025<\/td>\n<td  style=\"text-align:left\" > Pohod Dom Planincev-Klemen\u010da jama-lovska pot-Krofi\u010dka(2083m)-Logarska dolina<\/td>\n<td  style=\"text-align:center\" > (7<sup><span style=\"font-size: small;\">h<\/span><\/sup>)<\/td>\n<td  style=\"text-align:center\" > <strong>Z-ZZ<\/strong><\/span><\/td>\n<\/tr>\n\r\n<tr><td  style=\"text-align:right\" >4.10.2025<\/td>\n<td  style=\"text-align:left\" > Pohod <span style=\"font-size: 14px;\">Pl.Blato-Pl.Jezero-Pl.Dedno polje-Slatna(2077m)-Prvi Vogel(2181m)-Sr.Vogel(2227m)-Zadnji Vogel(2327m)-preval Vratca-Za Kopico-Pl.dedno polje-Pl.Blato<\/td>\n<td  style=\"text-align:center\" ><\/span> <span style=\"font-size: 14px;\">(6<sup>h<\/sup>)<\/span><\/td>\n<td  style=\"text-align:center\" > <strong>L-Z<\/strong><\/td>\n<\/tr>\n\r\n<tr><td  style=\"text-align:right\" ><span style=\"font-size: 14px;\">11.10.2025<\/td>\n<td  style=\"text-align:left\" > Pohod ob 20-letnici Pohodnikov &#8211; Dom na Svetini(769m)-Javornik-Resevna(650m)-Langerjeve pe\u010dine-ribnik \u0160tarkel(dru\u017eenje ob dobrotah gozda)-Dom na Svetini<\/td>\n<td  style=\"text-align:center\" > (6<sup>h<\/sup>)<\/td>\n<td  style=\"text-align:center\" > <strong>L<\/strong><\/span><\/td>\n<\/tr>\n\r\n<tr><td  style=\"text-align:right\" >18.10.2025<\/td>\n<td  style=\"text-align:left\" > Pohod Planina Blato-Pl. Krstenica-Krsteni\u0161ki Stog(1879m)-Jezerski Stog(2040m)-Prevalski Stog(2072m)-Eva-Adam-Pl.Jezerce-Pl. Krstenica-Planina Blato<\/td>\n<td  style=\"text-align:center\" > <span style=\"font-size: 14px;\">(9<sup>h<\/sup>)<\/span><\/td>\n<td  style=\"text-align:center\" > <strong>L-Z<\/strong><\/td>\n<\/tr>\n\r\n<tr><td  style=\"text-align:right\" >8.11.2025<\/td>\n<td  style=\"text-align:left\" > Pohod Movra\u017e-Sv. Kvirik(408m)-Veli Badin-Naravni most-Spodmoli-Movra\u017e<span style=\"font-size: 14px;\"><\/td>\n<td  style=\"text-align:center\" ><\/span> <span style=\"font-size: 14px;\">(4<sup>h<\/sup>)<\/span><\/td>\n<td  style=\"text-align:center\" > <strong>L<\/strong><\/td>\n<\/tr>\n\r\n<tr><td  style=\"text-align:right\" >30.11.2025<\/td>\n<td  style=\"text-align:left\" > Pohod Zg.Okrog-Vivodnik(1508m)-Dom na Menini-Goli vrh-Biba pl.-Zg.Okrog<\/td>\n<td  style=\"text-align:center\" > <span style=\"font-size: 14px;\">(5<sup>h<\/sup>)<\/span><\/td>\n<td  style=\"text-align:center\" > <strong>L<\/strong><\/td>\n<\/tr>\n\r\n<tr><td  style=\"text-align:right\" >7.12.2025<\/td>\n<td  style=\"text-align:left\" > Pohod Jezero Jasna-Moj\u010din dom na Vitrancu-Cipernik(1745m)-Jasna<\/td>\n<td  style=\"text-align:center\" > <span style=\"font-size: 14px;\">(6<sup>h<\/sup>)<\/span><\/td>\n<td  style=\"text-align:center\" > <strong>L-Z<\/strong><\/td>\n<\/tr>\n\r\n<tr><td  style=\"text-align:right\" >14.12.2025<\/td>\n<td  style=\"text-align:left\" > Pohod Ko\u010da na Gozdu-Visoki Mavrinc(1562m) in Planica-Dom v Tamarju<\/td>\n<td  style=\"text-align:center\" > <span style=\"font-size: 14px;\">(4<sup>h<\/sup>)<\/span><\/td>\n<td  style=\"text-align:center\" > <strong>L<\/strong><\/td>\n<\/tr>\n\r\n<tr><td  style=\"text-align:right\" >20.12.2025<\/td>\n<td  style=\"text-align:left\" > Pohod Brezje pri Tr\u017ei\u010du-po robu-Dobr\u010da(1634m)-\u0160entanski vrh(1635m)-Ko\u010da na Dobr\u010di-Le\u0161anska pl.-Bistri\u0161ka pl.-Brezje<\/td>\n<td  style=\"text-align:center\" > <span style=\"font-size: 14px;\">(5<sup>h<\/sup>)<\/span><\/td>\n<td  style=\"text-align:center\" > <strong>L<\/strong><\/td>\n<\/tr>\n\r\n<tr><td  style=\"text-align:right\" >27.12.2025<\/td>\n<td  style=\"text-align:left\" > Pohod Sleme-Kri\u017ean-Ur\u0161lja gora(1699m)-Ko\u010da na Naravskih ledinah-Kri\u017ean-Sleme<\/td>\n<td  style=\"text-align:center\" > <span style=\"font-size: 14px;\">(6<sup>h<\/sup>)<\/span><\/td>\n<td  style=\"text-align:center\" > <strong>L<\/strong><\/td>\n<\/tr>\n\r\n<tr><td  style=\"text-align:right\" ><span style=\"color: #000000;\"><\/td>\n<\/tr>\n<\/tbody><\/table><\/div><\/span><\/p>\n<p><span style=\"color: #000000;\"><strong>L<\/strong> &#8211; lahka\u00a0\u00a0\u00a0\u00a0\u00a0\u00a0\u00a0\u00a0\u00a0\u00a0\u00a0 <strong>Z<\/strong> &#8211; zahtevna\u00a0\u00a0\u00a0\u00a0\u00a0\u00a0\u00a0\u00a0\u00a0\u00a0\u00a0 <strong>ZZ<\/strong> &#8211; zelo zahtevna<\/span><\/p>\n","protected":false},"excerpt":{"rendered":"<p>L &#8211; lahka\u00a0\u00a0\u00a0\u00a0\u00a0\u00a0\u00a0\u00a0\u00a0\u00a0\u00a0 Z &#8211; zahtevna\u00a0\u00a0\u00a0\u00a0\u00a0\u00a0\u00a0\u00a0\u00a0\u00a0\u00a0 ZZ &#8211; zelo zahtevna<\/p>\n","protected":false},"author":1,"featured_media":0,"parent":0,"menu_order":0,"comment_status":"closed","ping_status":"closed","template":"","meta":[],"_links":{"self":[{"href":"https:\/\/drustvopohodnikov.com\/index.php?rest_route=\/wp\/v2\/pages\/7085"}],"collection":[{"href":"https:\/\/drustvopohodnikov.com\/index.php?rest_route=\/wp\/v2\/pages"}],"about":[{"href":"https:\/\/drustvopohodnikov.com\/index.php?rest_route=\/wp\/v2\/types\/page"}],"author":[{"embeddable":true,"href":"https:\/\/drustvopohodnikov.com\/index.php?rest_route=\/wp\/v2\/users\/1"}],"replies":[{"embeddable":true,"href":"https:\/\/drustvopohodnikov.com\/index.php?rest_route=%2Fwp%2Fv2%2Fcomments&post=7085"}],"version-history":[{"count":147,"href":"https:\/\/drustvopohodnikov.com\/index.php?rest_route=\/wp\/v2\/pages\/7085\/revisions"}],"predecessor-version":[{"id":7567,"href":"https:\/\/drustvopohodnikov.com\/index.php?rest_route=\/wp\/v2\/pages\/7085\/revisions\/7567"}],"wp:attachment":[{"href":"https:\/\/drustvopohodnikov.com\/index.php?rest_route=%2Fwp%2Fv2%2Fmedia&parent=7085"}],"curies":[{"name":"wp","href":"https:\/\/api.w.org\/{rel}","templated":true}]}}