{"id":2967,"date":"2018-11-23T11:07:12","date_gmt":"2018-11-23T10:07:12","guid":{"rendered":"http:\/\/drustvopohodnikov.com\/?page_id=2967"},"modified":"2019-12-27T10:44:56","modified_gmt":"2019-12-27T09:44:56","slug":"program-2019","status":"publish","type":"page","link":"https:\/\/drustvopohodnikov.com\/?page_id=2967","title":{"rendered":"Program &#8211; 2019"},"content":{"rendered":"<p><div class=\"table-responsive\"><table  style=\"width:600px; \"  class=\"easy-table easy-table-default \" border=\"0\">\n<caption><strong>Program v letu 2019<\/strong><\/caption>\n<thead>\r\n<tr><th  style=\"width:70px;text-align:right\" ><strong>Datum<\/th>\n<th  style=\"width:390px;text-align:left\" > Pohod-tura<\/th>\n<th  style=\"width:70px;text-align:center\" > \u010cas hoje<\/th>\n<th  style=\"width:70px;text-align:center\" > Zahtevnost<\/strong><\/th>\n<\/tr>\n<\/thead>\n<tbody>\r\n<tr><td  style=\"text-align:right\" >6.1.2019<\/td>\n<td  style=\"text-align:left\" ><strong> 8.Zimski pohod na Peco <\/strong>(Mitnek-Ninotova ko\u010da-Dom na Peci-Korde\u017eeva glava(2125m)-Mitnek<\/td>\n<td  style=\"text-align:center\" >\u00a0(6<sup>h<\/sup>)<\/td>\n<td  style=\"text-align:center\" ><strong> Z<\/strong><\/td>\n<\/tr>\n\r\n<tr><td  style=\"text-align:right\" >13.1.2019<\/td>\n<td  style=\"text-align:left\" > Pohod Ma\u010de-Dom na Kali\u0161\u010du-Stor\u017ei\u010d(2132m)-Kali\u0161\u010de-Ma\u010de<\/td>\n<td  style=\"text-align:center\" >\u00a0(7<sup>h<\/sup>)<\/td>\n<td  style=\"text-align:center\" >\u00a0<strong>Z<\/strong><\/td>\n<\/tr>\n\r\n<tr><td  style=\"text-align:right\" >20.1.2019<\/td>\n<td  style=\"text-align:left\" > Pohod Kope-Ko\u010da na Pesniku-Ribni\u0161ki vrh-Ribni\u0161ka ko\u010da-\u010crni vrh(1543m)-Kope<\/td>\n<td  style=\"text-align:center\" >\u00a0(5<sup>h<\/sup>30min)<\/td>\n<td  style=\"text-align:center\" >\u00a0<strong>L<\/strong><\/td>\n<\/tr>\n\r\n<tr><td  style=\"text-align:right\" >27.1.2019<\/td>\n<td  style=\"text-align:left\" > Pohod Zg.Okrog-Oseki-Vivodnik(1508m)-Dom na Menini-Planina Biba-Okrog<\/td>\n<td  style=\"text-align:center\" >\u00a0(6<sup>h<\/sup>)<\/td>\n<td  style=\"text-align:center\" >\u00a0<strong>L-Z<\/strong><\/td>\n<\/tr>\n\r\n<tr><td  style=\"text-align:right\" >3.2.2019<\/td>\n<td  style=\"text-align:left\" > Pohod Fram-Planica-Ru\u0161ka ko\u010da na Arehu(1246m)-Mariborska ko\u010da-Sliv. Pohorje-Fram<\/td>\n<td  style=\"text-align:center\" >\u00a0(7<sup><span style=\"font-size: small;\">h<\/span><\/sup>)<\/td>\n<td  style=\"text-align:center\" >\u00a0<strong>L<\/strong><\/td>\n<\/tr>\n\r\n<tr><td  style=\"text-align:right\" >8.2.2019<\/td>\n<td  style=\"text-align:left\" > Zimska tura Matizovec-Dom na Kofcah-Veliki vrh(2088m)-Kofce-Matizovec<\/td>\n<td  style=\"text-align:center\" >\u00a0(7<sup>h<\/sup>)<\/td>\n<td  style=\"text-align:center\" >\u00a0<strong>L-ZZ<\/strong><\/td>\n<\/tr>\n\r\n<tr><td  style=\"text-align:right\" >10.2.2019<\/td>\n<td  style=\"text-align:left\" > Pohod \u017dekovec-Mozirska ko\u010da-Stari stani-Medvednjak(1573m)-Hotel Golte-\u017dekovec<\/td>\n<td  style=\"text-align:center\" >\u00a0(6<sup>h<\/sup>)<\/td>\n<td  style=\"text-align:center\" >\u00a0<strong>L<\/strong><\/td>\n<\/tr>\n\r\n<tr><td  style=\"text-align:right\" >17.2.2019<\/td>\n<td  style=\"text-align:left\" > Pohod Heiligengeist-Dobra\u010d(2138m)-Heiligengeist<\/td>\n<td  style=\"text-align:center\" >\u00a0(5<sup>h<\/sup>30min)<\/td>\n<td  style=\"text-align:center\" >\u00a0<strong>L-Z<\/strong><\/td>\n<\/tr>\n\r\n<tr><td  style=\"text-align:right\" >24.2.2019<\/td>\n<td  style=\"text-align:left\" > Pohod Radu\u0161nik-Ko\u010da na Loki pod Raduho-Raduha(2062m)-Loka-Radu\u0161nik<\/td>\n<td  style=\"text-align:center\" >\u00a0(5<sup><span style=\"font-size: small;\">h<\/span><\/sup>30min)<\/td>\n<td  style=\"text-align:center\" >\u00a0<strong>L-Z<\/strong><\/td>\n<\/tr>\n\r\n<tr><td  style=\"text-align:right\" >3.3.2019<\/td>\n<td  style=\"text-align:left\" > Pohod Ko\u010da pri Savici-Komna-Bogatinsko sedlo-Lan\u017eevica(2003m)-\u010dez Lepo Komno-Savica<\/td>\n<td  style=\"text-align:center\" >\u00a0(8<sup>h<\/sup>30min)<\/td>\n<td  style=\"text-align:center\" >\u00a0<strong>L-Z<\/strong><\/td>\n<\/tr>\n\r\n<tr><td  style=\"text-align:right\" >10.3.2019<\/td>\n<td  style=\"text-align:left\" > Pohod Gradi\u0161ka tura-Abram-Vojkova ko\u010da na Nanosu(1240m)-Razdrto<\/td>\n<td  style=\"text-align:center\" >\u00a0(6<sup><span style=\"font-size: small;\">h<\/span><\/sup>)<\/td>\n<td  style=\"text-align:center\" >\u00a0<strong>L-Z<\/strong><\/td>\n<\/tr>\n\r\n<tr><td  style=\"text-align:right\" >17.3.2019<\/td>\n<td  style=\"text-align:left\" > Pohod Vransko-Planinski dom na \u010creti-Tolsti vrh(1077m)-Sveti Jo\u0161t-Jeronim-Vransko<\/td>\n<td  style=\"text-align:center\" >\u00a0(6<sup>h<\/sup>)<\/td>\n<td  style=\"text-align:center\" >\u00a0<strong>L<\/strong><\/td>\n<\/tr>\n\r\n<tr><td  style=\"text-align:right\" >24.3.2019<\/td>\n<td  style=\"text-align:left\" > Vzdr\u017eljivostni pohod Trojane-\u010cem\u0161eni\u0161ka pl.(1204m)-Vrhe-Mrzlica(1122m)-\u0160mohor-Mali\u010d-La\u0161ko(39km)<span style=\"color: #000000;\"><\/td>\n<td  style=\"text-align:center\" >\u00a0(9<sup><span style=\"font-size: small;\">h<\/span><\/sup>30min)<\/td>\n<td  style=\"text-align:center\" >\u00a0<strong>L-Z<\/strong><\/span><\/td>\n<\/tr>\n\r\n<tr><td  style=\"text-align:right\" >30.3.2019<\/td>\n<td  style=\"text-align:left\" > Pohod Solkan-Sabotin(609m)-Vrholje-Korada(812m)-Kanal<\/td>\n<td  style=\"text-align:center\" >\u00a0(7<sup><span style=\"font-size: small;\">h<\/span><\/sup>)<\/td>\n<td  style=\"text-align:center\" >\u00a0<strong>L<\/strong><\/td>\n<\/tr>\n\r\n<tr><td  style=\"text-align:right\" >7.4.2019<\/td>\n<td  style=\"text-align:left\" > Vzdr\u017eljivostni pohod La\u0161ko-\"Re\u010di\u0161ka kro\u017ena pot\"-La\u0161ko(39km)<\/td>\n<td  style=\"text-align:center\" > \u00a0(9<sup>h<\/sup>)<\/td>\n<td  style=\"text-align:center\" > <strong>L-Z<\/strong><\/td>\n<\/tr>\n\r\n<tr><td  style=\"text-align:right\" >13.4.2019<\/td>\n<td  style=\"text-align:left\" > Pohod\u00a0\"Bistri\u0161ki Vintgar\u00a0z Matejo\"+(praznovanje rojst. dne na Mariborski ko\u010di)<\/td>\n<td  style=\"text-align:center\" >\u00a0(5<sup>h<\/sup>+5<sup>h<\/sup>)<\/td>\n<td  style=\"text-align:center\" >\u00a0<strong>L<\/strong><\/td>\n<\/tr>\n\r\n<tr><td  style=\"text-align:right\" >20.4.2019<\/td>\n<td  style=\"text-align:left\" >\u00a0<strong>6.vzdr\u017eljivostni pohod<\/strong>\u00a0\"Po medvedovih stopinjah\" &#8211; Dol\u017eina poti: 64 km<\/td>\n<td  style=\"text-align:center\" > (12<sup>h<\/sup>30min)<\/td>\n<td  style=\"text-align:center\" >\u00a0<strong>L-Z<\/strong><\/td>\n<\/tr>\n\r\n<tr><td  style=\"text-align:right\" >22.4.2019<\/td>\n<td  style=\"text-align:left\" >\u00a0Pohod \u017derovnik-Topol-Gontar-To\u0161\u010d(1021m)-Grmada(898m)-Kucelj-Dvor<\/td>\n<td  style=\"text-align:center\" > (5<sup>h<\/sup>)<\/td>\n<td  style=\"text-align:center\" >\u00a0<strong>L<\/strong><\/td>\n<\/tr>\n\r\n<tr><td  style=\"text-align:right\" >28.4.2019<\/td>\n<td  style=\"text-align:left\" > Pohod\u00a0Rudijev dom-Dona\u010dka Gora(884m)-Rudijev dom+Muzej na prostem Rogatec<\/td>\n<td  style=\"text-align:center\" >\u00a0(2<sup><span style=\"font-size: small;\">h<\/span><\/sup>+2<sup><span style=\"font-size: small;\">h<\/span><\/sup>)<\/td>\n<td  style=\"text-align:center\" >\u00a0<strong>L<\/strong><\/td>\n<\/tr>\n\r\n<tr><td  style=\"text-align:right\" >1.5.2019<\/td>\n<td  style=\"text-align:left\" > Pohod Zidani Most-Ga\u0161perjeva ko\u010da-Veliko Kozje(993m)-Sv. Lovrenc(svi\u0161\u010d)-Lisca(950m)-Cerje-Sevnica<\/td>\n<td  style=\"text-align:center\" >\u00a0(6<sup><span style=\"font-size: small;\">h<\/span><\/sup>30min)<\/td>\n<td  style=\"text-align:center\" >\u00a0<strong>L<\/strong><\/td>\n<\/tr>\n\r\n<tr><td  style=\"text-align:right\" >5.5.2019<\/td>\n<td  style=\"text-align:left\" > Pohod Turisti\u010dna kmetija\u00a0\u017durej-\u017dusem(stolp ljubezni 669m)-panoramska pot-\u017durej<\/td>\n<td  style=\"text-align:center\" >\u00a0(2<sup><span style=\"font-size: small;\">h<\/span><\/sup>40min)<\/td>\n<td  style=\"text-align:center\" >\u00a0<strong>L<\/strong><\/td>\n<\/tr>\n\r\n<tr><td  style=\"text-align:right\" >11.5.2019<\/td>\n<td  style=\"text-align:left\" > Pohod Po poti 7.slapov reke Mirne(Buzet HR)<\/td>\n<td  style=\"text-align:center\" > (5<sup>h<\/sup>30min)<\/td>\n<td  style=\"text-align:center\" >\u00a0<strong>L<\/strong><\/td>\n<\/tr>\n\r\n<tr><td  style=\"text-align:right\" >18.5.2019<\/td>\n<td  style=\"text-align:left\" > Pohod Zg. Polj\u010dane-Lovska pot na Bo\u010d-Bo\u010d(980m)-Dom na Bo\u010du-Zg. Bolj\u010dane<\/td>\n<td  style=\"text-align:center\" >\u00a0(2<sup><span style=\"font-size: small;\">h<\/span><\/sup>30min)<\/td>\n<td  style=\"text-align:center\" >\u00a0<strong>L<\/strong><\/td>\n<\/tr>\n\r\n<tr><td  style=\"text-align:right\" >26.5.2019<\/td>\n<td  style=\"text-align:left\" >\u00a0Pohod Strmela(konec ceste pod Stru\u0161ko)-lovska pot-Pl.Se\u010da-Stru\u0161ka(1944m)-Pastirska ko\u010da na Belski pl.-Sedlo Ko\u010dna-Sedlo Suha-Golica(1835m)-Ko\u010da na Golici-Pusti Rovt(Strmela)<\/td>\n<td  style=\"text-align:center\" > (6<sup><span style=\"font-size: small;\">h<\/span><\/sup>)<\/td>\n<td  style=\"text-align:center\" > <strong>L-Z<\/strong><\/td>\n<\/tr>\n\r\n<tr><td  style=\"text-align:right\" >1.6.-2.6.<\/td>\n<td  style=\"text-align:left\" >\u00a0Pohod 13KM-Samarske stene(HR)<\/td>\n<td  style=\"text-align:center\" > (8<sup>h<\/sup>30min)<\/td>\n<td  style=\"text-align:center\" ><strong> L-ZZ<\/strong><\/td>\n<\/tr>\n\r\n<tr><td  style=\"text-align:right\" >6.6.-9.6.<\/td>\n<td  style=\"text-align:left\" > Ture po Ju\u017enem Velebitu (Bojin Kuk+Veliko Rujno-Struge-Vaganjski vrh(1757m)-V.Paklenica+Crnopac)<\/td>\n<td  style=\"text-align:center\" > (6<sup>h<\/sup>+8<sup>h<\/sup>+8<sup>h<\/sup>)<\/td>\n<td  style=\"text-align:center\" ><strong>\u00a0L-Z<\/strong><\/td>\n<\/tr>\n\r\n<tr><td  style=\"text-align:right\" >9.6.2019<\/td>\n<td  style=\"text-align:left\" > Pohod Matkov kot-Matkov \u0161kaf in Sv. Duh-Poto\u010dka zijavka-Obel kamen(1911m)-Sv. Duh<\/td>\n<td  style=\"text-align:center\" >\u00a0(3<sup><span style=\"font-size: small;\">h<\/span><\/sup>+3<sup><span style=\"font-size: small;\">h<\/span><\/sup>)<\/td>\n<td  style=\"text-align:center\" >\u00a0<strong>L-Z<\/strong><\/td>\n<\/tr>\n\r\n<tr><td  style=\"text-align:right\" >16.6.2019<\/td>\n<td  style=\"text-align:left\" > Pohod Planina Podve\u017eak(Bre\u017ei\u010di)-lovska pot-Vodoto\u010dnik-Lu\u010dki Dedec(2023m)-Vodoto\u010dnik-Deska-Lastovec-Pl.Podve\u017eak<\/td>\n<td  style=\"text-align:center\" >\u00a0(5<sup>h<\/sup>30min)<\/td>\n<td  style=\"text-align:center\" >\u00a0<strong>L-Z<\/strong><\/td>\n<\/tr>\n\r\n<tr><td  style=\"text-align:right\" >23.6.2019<\/td>\n<td  style=\"text-align:left\" > Pohod Dom Planincev-Klemen\u010da jama-Kopin\u0161kova pot-Ojstrica(2350m)-Klemen\u010da jama-Logarska dolina<\/td>\n<td  style=\"text-align:center\" >\u00a0(7<sup>h<\/sup>)<\/td>\n<td  style=\"text-align:center\" >\u00a0<strong>Z-ZZ<\/strong><\/td>\n<\/tr>\n\r\n<tr><td  style=\"text-align:right\" >30.6.2019<\/td>\n<td  style=\"text-align:left\" > Pohod Rib\u010dev Laz-Planina Suha-Rodica(1964m)-\u010crna prst(1844m)-Oro\u017enova ko\u010da-\u017dvan-Polje<\/td>\n<td  style=\"text-align:center\" >\u00a0(9<sup><span style=\"font-size: small;\">h<\/span><\/sup>)<\/td>\n<td  style=\"text-align:center\" >\u00a0<strong>L-Z<\/strong><\/td>\n<\/tr>\n\r\n<tr><td  style=\"text-align:right\" >6.7.2019<\/td>\n<td  style=\"text-align:left\" > Pohod Dre\u017enica-Pot Silva Korena-Gomi\u0161\u010dkovo zaveti\u0161\u010de-Krn(2244m)-ju\u017ena pot-Dre\u017enica<\/td>\n<td  style=\"text-align:center\" >\u00a0(9<sup>h<\/sup>)<\/td>\n<td  style=\"text-align:center\" >\u00a0<strong>Z-ZZ<\/strong><\/td>\n<\/tr>\n\r\n<tr><td  style=\"text-align:right\" >12.7.-19.7.19<\/td>\n<td  style=\"text-align:left\" >\u00a0Planinarjenje\u00a0po Makedoniji (Korab \/ Titov vrh \/\u00a0Magaro \/ Popova \u0160apka \/\u00a0Skopje \/\u00a0Ohrid&#8230;) &#8211; TA Izimanija!<\/td>\n<td  style=\"text-align:center\" > (7 dni)<\/td>\n<td  style=\"text-align:center\" > <strong>L-Z<\/strong><\/td>\n<\/tr>\n\r\n<tr><td  style=\"text-align:right\" >21.7.2019<\/td>\n<td  style=\"text-align:left\" > Pohod \u017dagana pe\u010d-Gamsov skret-Skuta(2532m)-bivak-Cojzova ko\u010da-\u017dagana pe\u010d<\/td>\n<td  style=\"text-align:center\" >\u00a0(9<sup><span style=\"font-size: small;\">h<\/span><\/sup>)<\/td>\n<td  style=\"text-align:center\" >\u00a0<strong>Z-ZZ<\/strong><\/td>\n<\/tr>\n\r\n<tr><td  style=\"text-align:right\" >28.7.2019<\/td>\n<td  style=\"text-align:left\" > Pohod Ljubelj-Dom na Zelenici-Vrta\u010da(2181m)-Zelenica+Ferata Sp.Plot<\/td>\n<td  style=\"text-align:center\" >\u00a0(5<sup>h<\/sup>+1<sup>h<\/sup>)<\/td>\n<td  style=\"text-align:center\" >\u00a0<strong>L+ZZ<\/strong><\/td>\n<\/tr>\n\r\n<tr><td  style=\"text-align:right\" >3.8.-4.8.19<\/td>\n<td  style=\"text-align:left\" > Pohodni\u0161e ture in ferate v Dolomitih (skupaj s PD La\u0161ko)<\/td>\n<td  style=\"text-align:center\" > (6<sup><span style=\"font-size: small;\">h<\/span><\/sup>+8<sup><span style=\"font-size: small;\">h<\/span><\/sup>)<\/td>\n<td  style=\"text-align:center\" > <strong>Z-<\/strong><strong>ZZ<\/strong><\/td>\n<\/tr>\n\r\n<tr><td  style=\"text-align:right\" >11.8.2019<\/td>\n<td  style=\"text-align:left\" > Pohod Planina Pecol-\u010dez Pipanovo lestev!-Monta\u017e( 2753m)-Planina Pecol<\/td>\n<td  style=\"text-align:center\" > (7<sup><span style=\"font-size: small;\">h<\/span><\/sup>30min)<\/td>\n<td  style=\"text-align:center\" > <strong>Z-ZZ<\/strong><\/td>\n<\/tr>\n\r\n<tr><td  style=\"text-align:right\" >17.8.2019<\/td>\n<td  style=\"text-align:left\" > Pohod Alja\u017eev dom v Vratih-Luknja-Plemenice-Triglav(2864m)-Kredarica-Prag-Vrata<\/td>\n<td  style=\"text-align:center\" > (10<sup>h<\/sup>)<\/td>\n<td  style=\"text-align:center\" > <strong>Z-ZZ<\/strong><\/td>\n<\/tr>\n\r\n<tr><td  style=\"text-align:right\" >1.9.2019<\/td>\n<td  style=\"text-align:left\" > Pohod Rinka-Okre\u0161elj-Turski \u017eleb-Turska gora(2251m)-Kotli\u010di-Brana(2253m)-Kamni\u0161ko sedlo-Okre\u0161elj<\/td>\n<td  style=\"text-align:center\" > (8<sup><span style=\"font-size: small;\">h<\/span><\/sup>30min)<\/td>\n<td  style=\"text-align:center\" > <strong>Z-ZZ<\/strong><\/td>\n<\/tr>\n\r\n<tr><td  style=\"text-align:right\" >15.9.2019<\/td>\n<td  style=\"text-align:left\" > Pohod Sella Nevea(Rifugio Gilberti)-Findeneggov ozebnik-ferata Julia-Visoki Kanin(2587m)-ferata Prestreljenik-Preval-Rifugo Gilberti<\/td>\n<td  style=\"text-align:center\" > (7<sup><span style=\"font-size: small;\">h<\/span><\/sup>)<\/td>\n<td  style=\"text-align:center\" > <strong>Z-ZZ<\/strong><\/td>\n<\/tr>\n\r\n<tr><td  style=\"text-align:right\" >22.9.2019<\/td>\n<td  style=\"text-align:left\" > Pohod Jermanca-Repov kot-Srebrno sedlo-Planjava(2394m)-Kamni\u0161ko sedlo-Jermanca<\/td>\n<td  style=\"text-align:center\" > (7<sup><span style=\"font-size: small;\">h<\/span><\/sup>)<\/td>\n<td  style=\"text-align:center\" > <strong>Z<\/strong><\/td>\n<\/tr>\n\r\n<tr><td  style=\"text-align:right\" >29.9.2019<\/td>\n<td  style=\"text-align:left\" > Pohod Bukovnik-Grohat-Zavarovana pot-Raduha(2062m)-Ko\u010da na Loki-Jelovec(1808m)-brezpotje do Hojnikove poti-Bukovnik<\/td>\n<td  style=\"text-align:center\" > (6<sup><span style=\"font-size: small;\">h<\/span><\/sup>)<\/td>\n<td  style=\"text-align:center\" > <strong>Z<\/strong><\/td>\n<\/tr>\n\r\n<tr><td  style=\"text-align:right\" >6.10.2019<\/td>\n<td  style=\"text-align:left\" > Pohod Pl.Blato-Pl.Jezero-Pl.Dedno polje-Kreda(2025m)-Slatna(2077m)-Prvi Vogel(2181m)-Sr.Vogel(2227m)-Zadnji Vogel(2327m)-preval Vratca-Za Kopico-Pl.dedno polje-Pl.Blato<\/td>\n<td  style=\"text-align:center\" > (7<sup><span style=\"font-size: small;\">h<\/span><\/sup>)<\/td>\n<td  style=\"text-align:center\" > <strong>L-Z<\/strong><\/td>\n<\/tr>\n\r\n<tr><td  style=\"text-align:right\" >20.10.2019<\/td>\n<td  style=\"text-align:left\" > Pohod\u00a0Dom v Dragi-Roblekov dom na Begunj\u0161\u010dici-Pl. Prevala-\u010cez luknjo-Dom v Dragi<\/td>\n<td  style=\"text-align:center\" > (5<sup><span style=\"font-size: small;\">h<\/span><\/sup>)<\/td>\n<td  style=\"text-align:center\" > <strong>L-Z<\/strong><\/td>\n<\/tr>\n\r\n<tr><td  style=\"text-align:right\" >27.10.2019<\/td>\n<td  style=\"text-align:left\" > Pohod\u00a0Dolina Komare-Kuk-Veliki Grade\u017e-Tri U\u010dke-\u02c7Naravni vrh\u02c7-Naravni most-Spodmoli-Sv.Kvirik-Komare<\/td>\n<td  style=\"text-align:center\" > (6<sup><span style=\"font-size: small;\">h<\/span><\/sup>)<\/td>\n<td  style=\"text-align:center\" > <strong>L<\/strong><\/td>\n<\/tr>\n\r\n<tr><td  style=\"text-align:right\" >9.11.2019<\/td>\n<td  style=\"text-align:left\" > Pohod Od Litije do \u010cate\u017ea (Po Levstikovi poti)<\/td>\n<td  style=\"text-align:center\" > (5<sup><span style=\"font-size: small;\">h<\/span><\/sup>30min)<\/td>\n<td  style=\"text-align:center\" > <strong>L<\/strong><\/td>\n<\/tr>\n\r\n<tr><td  style=\"text-align:right\" >24.11.2019<\/td>\n<td  style=\"text-align:left\" > Pohod\u00a0Matizovec-Dom na Kofcah-Veliki vrh(2088m)-Kofce-Matizovec<\/td>\n<td  style=\"text-align:center\" > (5<sup><span style=\"font-size: small;\">h<\/span><\/sup>30min)<\/td>\n<td  style=\"text-align:center\" > <strong>L-Z<\/strong><\/td>\n<\/tr>\n\r\n<tr><td  style=\"text-align:right\" >30.11.-1.12.19<\/td>\n<td  style=\"text-align:left\" > Pohod na Raduho in zaklju\u010dek na Loki pod Raduho<\/td>\n<td  style=\"text-align:center\" > (3<sup><span style=\"font-size: small;\">h<\/span><\/sup>+4<sup><span style=\"font-size: small;\">h<\/span><\/sup>)<\/td>\n<td  style=\"text-align:center\" > <strong>L<\/strong><\/td>\n<\/tr>\n\r\n<tr><td  style=\"text-align:right\" >8.12.2019<\/td>\n<td  style=\"text-align:left\" > Pohod \u0160port hotel-Blejska ko\u010da-Okrogle\u017e-Debela pe\u010d(2014m)-Blejska ko\u010da-\u0160port hotel<\/td>\n<td  style=\"text-align:center\" > (5<sup><span style=\"font-size: small;\">h<\/span><\/sup>30min)<\/td>\n<td  style=\"text-align:center\" > <strong>L<\/strong><\/td>\n<\/tr>\n\r\n<tr><td  style=\"text-align:right\" >14.12.2019<\/td>\n<td  style=\"text-align:left\" > Pohod Golte-Trije Stani-Dom na Smrekovcu-Mozirska ko\u010da(zaklju\u010dek leta)<\/td>\n<td  style=\"text-align:center\" > (6<sup><span style=\"font-size: small;\">h<\/span><\/sup>+4<sup><span style=\"font-size: small;\">h<\/span><\/sup>)<\/td>\n<td  style=\"text-align:center\" > <strong>L<\/strong><\/td>\n<\/tr>\n\r\n<tr><td  style=\"text-align:right\" >26.12.2019<\/td>\n<td  style=\"text-align:left\" > Pohod Pohod Sleme-Kri\u017ean-Ur\u0161lja gora(1699m)-Ko\u010da na Naravskih ledinah-Kri\u017ean-Sleme<\/td>\n<td  style=\"text-align:center\" > (5<sup><span style=\"font-size: small;\">h<\/span><\/sup>30min)<\/td>\n<td  style=\"text-align:center\" > <strong>L<\/strong><\/td>\n<\/tr>\n\r\n<tr><td  style=\"text-align:right\" ><span style=\"color: #000000;\"><\/td>\n<\/tr>\n<\/tbody><\/table><\/div><\/span><\/p>\n<p><span style=\"color: #000000;\"><strong>L<\/strong> &#8211; lahka\u00a0\u00a0\u00a0\u00a0\u00a0\u00a0\u00a0\u00a0\u00a0\u00a0\u00a0 <strong>Z<\/strong> &#8211; zahtevna\u00a0\u00a0\u00a0\u00a0\u00a0\u00a0\u00a0\u00a0\u00a0\u00a0\u00a0 <strong>ZZ<\/strong> &#8211; zelo zahtevna<\/span><\/p>\n\n\n<p><\/p>\n","protected":false},"excerpt":{"rendered":"<p>L &#8211; lahka\u00a0\u00a0\u00a0\u00a0\u00a0\u00a0\u00a0\u00a0\u00a0\u00a0\u00a0 Z &#8211; zahtevna\u00a0\u00a0\u00a0\u00a0\u00a0\u00a0\u00a0\u00a0\u00a0\u00a0\u00a0 ZZ &#8211; zelo zahtevna<\/p>\n","protected":false},"author":1,"featured_media":0,"parent":0,"menu_order":0,"comment_status":"closed","ping_status":"closed","template":"","meta":[],"_links":{"self":[{"href":"https:\/\/drustvopohodnikov.com\/index.php?rest_route=\/wp\/v2\/pages\/2967"}],"collection":[{"href":"https:\/\/drustvopohodnikov.com\/index.php?rest_route=\/wp\/v2\/pages"}],"about":[{"href":"https:\/\/drustvopohodnikov.com\/index.php?rest_route=\/wp\/v2\/types\/page"}],"author":[{"embeddable":true,"href":"https:\/\/drustvopohodnikov.com\/index.php?rest_route=\/wp\/v2\/users\/1"}],"replies":[{"embeddable":true,"href":"https:\/\/drustvopohodnikov.com\/index.php?rest_route=%2Fwp%2Fv2%2Fcomments&post=2967"}],"version-history":[{"count":164,"href":"https:\/\/drustvopohodnikov.com\/index.php?rest_route=\/wp\/v2\/pages\/2967\/revisions"}],"predecessor-version":[{"id":4407,"href":"https:\/\/drustvopohodnikov.com\/index.php?rest_route=\/wp\/v2\/pages\/2967\/revisions\/4407"}],"wp:attachment":[{"href":"https:\/\/drustvopohodnikov.com\/index.php?rest_route=%2Fwp%2Fv2%2Fmedia&parent=2967"}],"curies":[{"name":"wp","href":"https:\/\/api.w.org\/{rel}","templated":true}]}}